{"id":134,"date":"2025-02-25T10:41:17","date_gmt":"2025-02-25T10:41:17","guid":{"rendered":"https:\/\/ustka-apartamenty.com\/?page_id=134"},"modified":"2025-02-25T10:51:54","modified_gmt":"2025-02-25T10:51:54","slug":"atrakcje-okolicy","status":"publish","type":"page","link":"https:\/\/ustka-apartamenty.com\/?page_id=134","title":{"rendered":"Atrakcje okolicy"},"content":{"rendered":"\t\t<div data-elementor-type=\"wp-page\" data-elementor-id=\"134\" class=\"elementor elementor-134\">\n\t\t\t\t<div class=\"elementor-element elementor-element-2fb2510a e-flex e-con-boxed e-con e-parent\" data-id=\"2fb2510a\" data-element_type=\"container\">\n\t\t\t\t\t<div class=\"e-con-inner\">\n\t\t\t\t<div class=\"elementor-element elementor-element-72b88532 elementor-widget elementor-widget-text-editor\" data-id=\"72b88532\" data-element_type=\"widget\" data-widget_type=\"text-editor.default\">\n\t\t\t\t<div class=\"elementor-widget-container\">\n\t\t\t\t\t\t\t\t\t\n<h2>Atrakcje okolicy<\/h2>\n\t\t\t\t\t\t\t\t<\/div>\n\t\t\t\t<\/div>\n\t\t\t\t\t<\/div>\n\t\t\t\t<\/div>\n\t\t<div class=\"elementor-element elementor-element-8761cbe e-grid e-con-boxed e-con e-parent\" data-id=\"8761cbe\" data-element_type=\"container\">\n\t\t\t\t\t<div class=\"e-con-inner\">\n\t\t\t\t<div class=\"elementor-element elementor-element-ce78627 elementor-widget elementor-widget-text-editor\" data-id=\"ce78627\" data-element_type=\"widget\" data-widget_type=\"text-editor.default\">\n\t\t\t\t<div class=\"elementor-widget-container\">\n\t\t\t\t\t\t\t\t\t<p>&#8211; <strong>Szlaki rowerowe<\/strong> &#8211; Jazda na rowerze ma wspania\u0142y wp\u0142yw nie tylko na nasz\u0105 kondycj\u0119 i sylwetk\u0119 ale r\u00f3wnie\u017c samopoczucie.To czas w kt\u00f3rym mo\u017cna si\u0119 wyciszy\u0107, zrelaksowa\u0107, zapominaj\u0105c o codziennych problemach.<\/p>\n<p>Na terenie Ustki i okolic mamy kilka wspania\u0142ych tras rowerowych, kt\u00f3re s\u0105 bardzo zr\u00f3\u017cnicowane. Na ich szlakach znajduj\u0105 si\u0119 specjalne miejsca wypoczynkowe.<\/p>\n<p>&#8211; <strong>Latarnia morska<\/strong> &#8211; To niezwykle interesuj\u0105cy architektonicznie obiekt, sk\u0142adaj\u0105cy si\u0119 z o\u015bmiok\u0105tnej wie\u017cy i niewiele ni\u017cszego, przylegaj\u0105cego do niej budynku latarnik\u00f3w. Uroku dodaje niezliczona ilo\u015b\u0107 gzymsik\u00f3w, daszk\u00f3w oraz kilkana\u015bcie okien r\u00f3\u017cnego rozmiaru.<\/p>\n<p>&#8211; <strong>Bunkry Bluchera<\/strong> &#8211;<\/p>\n<p>Ci, kt\u00f3rzy przyje\u017cd\u017caj\u0105 do Ustki po s\u0142o\u0144ce powinni wiedzie\u0107, \u017ce to miejsce to nie tylko letnie atrakcje &#8211; to r\u00f3wnie\u017c ciekawa historia.<\/p>\n<p>Mo\u017cna si\u0119 o tym przekona\u0107, odwiedzaj\u0105c zachodni\u0105 cz\u0119\u015b\u0107 kurortu. Bunkry Bluchera &#8211; pozosta\u0142o\u015b\u0107 po wielkiej hitlerowskiej inwestycji. Bo Ustka wed\u0142ug plan\u00f3w Hitlera mia\u0142a sta\u0107 si\u0119 nowoczesnym portem, drug\u0105 Gdyni\u0105 i zarazem prawdziw\u0105 wojenn\u0105 twierdz\u0105.<\/p>\n<p>&#8211; <strong>\u017beglarstwo<\/strong> &#8211;<\/p>\n<p>\u017beglarstwo to atrakcyjny spos\u00f3b sp\u0119dzania czasu. Ten sport kszta\u0142tuje charakter. Dzi\u0119ki niemu uczymy si\u0119 pokory do \u017cywio\u0142u. Dzi\u0119ki tej formie sp\u0119dzania czasu, w kr\u00f3tkim czasie mo\u017cesz zwiedzi\u0107 wiele pi\u0119knych miejsc, do kt\u00f3rych dotrzesz wy\u0142\u0105cznie na \u017cagl\u00f3wce.<\/p>\n<p>Ustka z roku na rok, cieszy si\u0119 coraz wi\u0119kszym zainteresowaniem \u017ceglarzy. Nasza miejscowo\u015b\u0107 posiada do tego idealne warunki.<\/p>\n<p><strong>Nordic-walking<\/strong> &#8211;<\/p>\n<p>Podobnie jak \u015bcie\u017cki rowerowe, Ustka przygotowa\u0142a kilka szlak\u00f3w turystycznych dzi\u0119ki kt\u00f3rym zapoznasz si\u0119 zar\u00f3wno z infrastruktur\u0105 samego miasta jak i wspania\u0142ymi widokami otaczaj\u0105cej przyrody.<\/p>\n<p>Nordic-walking to og\u00f3lnodost\u0119pna aktywno\u015b\u0107 prozdrowotna, anga\u017cuj\u0105ca do 90% mi\u0119\u015bni ca\u0142ego cia\u0142a.<\/p>\n<p>Obecnie tego typu marsze uprawiane s\u0105 przez miliony ludzi na ca\u0142ym \u015bwiecie.<\/p>\n<p>&#8211; <strong>zagroda \u015bledziowa<\/strong> &#8211; \u015aled\u017a jest nierozerwalnie zwi\u0105zany z naszym regionem i z tradycj\u0105 ryback\u0105. Aby upami\u0119tni\u0107 t\u0119 rybk\u0119 w Starkowie, ko\u0142o Ustki powsta\u0142a zagroda \u015bledziowa. Muzeum \u015bledzia znajduje si\u0119 w zabytkowej chacie z 1832 roku.<\/p>\n<p>&#8211; <strong>Muzeum chleba<\/strong> &#8211;<\/p>\n<p>Muzeum powsta\u0142o z szacunku dla historii i z potrzeby serca.<\/p>\n<p>Zgromadzone zosta\u0142y w nim eksponaty, zbierane przez wiele lat, wszystko co s\u0142u\u017cy\u0142o wykonaniu chleba i wszystkiego co o szacunku dla chleba za\u015bwiadcza.<\/p>\n<p>&#8211; <strong>\u0142aweczka Ireny Kwiatkowskiej<\/strong> &#8211; \u0141aweczka Ireny Kwiatkowskiej znajduje si\u0119 w parku uzdrowiskowym we wschodniej cz\u0119\u015bci Promenady Nadmorskiej. Pani Irena Kwiatkowska od wielu lat by\u0142a cz\u0119stym go\u015bciem Ustki. Pomnik zosta\u0142 uroczy\u015bcie ods\u0142oni\u0119ty 25 lipca 2012 roku.<\/p>\n<p>&#8211; <strong>Basen i Spa<\/strong> &#8211; 5min spacerem do wspania\u0142ego kompleksu basenowego w zaprzyja\u017anionym hotelu. Mo\u017cna korzysta\u0107 z si\u0142owni, basen\u00f3w, SPA, saun .<\/p>\n<p>&#8211;<strong> Kr\u0119gielnia<\/strong> &#8211; 5 min spacerem od naszych apartament\u00f3w mo\u017cna sp\u0119dzi\u0107 czas na kr\u0119glach<\/p>\n<p>Przy ka\u017cdej atrakcji zdj\u0119cie oczywi\u015bcie ;))<\/p>\n<p>Je\u015bli chcesz u\u017cy\u0107 jaki\u015b zdj\u0119\u0107 to prosz\u0119 o marze, fale, \u0142adne pla\u017ce.<\/p>\t\t\t\t\t\t\t\t<\/div>\n\t\t\t\t<\/div>\n\t\t\t\t\t<\/div>\n\t\t\t\t<\/div>\n\t\t\t\t<\/div>\n\t\t","protected":false},"excerpt":{"rendered":"<p>Atrakcje okolicy &#8211; Szlaki rowerowe &#8211; Jazda na rowerze ma wspania\u0142y wp\u0142yw nie tylko na nasz\u0105 kondycj\u0119 i sylwetk\u0119 ale r\u00f3wnie\u017c samopoczucie.To czas w kt\u00f3rym mo\u017cna si\u0119 wyciszy\u0107, zrelaksowa\u0107, zapominaj\u0105c o codziennych problemach. Na terenie Ustki i okolic mamy kilka wspania\u0142ych tras rowerowych, kt\u00f3re s\u0105 bardzo zr\u00f3\u017cnicowane. Na ich szlakach znajduj\u0105 si\u0119 specjalne miejsca wypoczynkowe. &#8211; Latarnia morska &#8211; To niezwykle interesuj\u0105cy architektonicznie obiekt, sk\u0142adaj\u0105cy si\u0119 z o\u015bmiok\u0105tnej wie\u017cy i niewiele ni\u017cszego, przylegaj\u0105cego do niej budynku latarnik\u00f3w. Uroku dodaje niezliczona ilo\u015b\u0107 gzymsik\u00f3w, daszk\u00f3w oraz kilkana\u015bcie okien r\u00f3\u017cnego rozmiaru. &#8211; Bunkry Bluchera &#8211; Ci, kt\u00f3rzy przyje\u017cd\u017caj\u0105 do Ustki po s\u0142o\u0144ce powinni<\/p>\n","protected":false},"author":1,"featured_media":0,"parent":0,"menu_order":0,"comment_status":"closed","ping_status":"closed","template":"","meta":{"footnotes":""},"yoast_head":"<!-- This site is optimized with the Yoast SEO plugin v24.5 - https:\/\/yoast.com\/wordpress\/plugins\/seo\/ -->\n<title>Atrakcje okolicy -<\/title>\n<meta name=\"robots\" content=\"index, follow, max-snippet:-1, max-image-preview:large, max-video-preview:-1\" \/>\n<link rel=\"canonical\" href=\"https:\/\/ustka-apartamenty.com\/?page_id=134\" \/>\n<meta property=\"og:locale\" content=\"pl_PL\" \/>\n<meta property=\"og:type\" content=\"article\" \/>\n<meta property=\"og:title\" content=\"Atrakcje okolicy -\" \/>\n<meta property=\"og:description\" content=\"Atrakcje okolicy &#8211; Szlaki rowerowe &#8211; Jazda na rowerze ma wspania\u0142y wp\u0142yw nie tylko na nasz\u0105 kondycj\u0119 i sylwetk\u0119 ale r\u00f3wnie\u017c samopoczucie.To czas w kt\u00f3rym mo\u017cna si\u0119 wyciszy\u0107, zrelaksowa\u0107, zapominaj\u0105c o codziennych problemach. Na terenie Ustki i okolic mamy kilka wspania\u0142ych tras rowerowych, kt\u00f3re s\u0105 bardzo zr\u00f3\u017cnicowane. Na ich szlakach znajduj\u0105 si\u0119 specjalne miejsca wypoczynkowe. &#8211; Latarnia morska &#8211; To niezwykle interesuj\u0105cy architektonicznie obiekt, sk\u0142adaj\u0105cy si\u0119 z o\u015bmiok\u0105tnej wie\u017cy i niewiele ni\u017cszego, przylegaj\u0105cego do niej budynku latarnik\u00f3w. Uroku dodaje niezliczona ilo\u015b\u0107 gzymsik\u00f3w, daszk\u00f3w oraz kilkana\u015bcie okien r\u00f3\u017cnego rozmiaru. &#8211; Bunkry Bluchera &#8211; Ci, kt\u00f3rzy przyje\u017cd\u017caj\u0105 do Ustki po s\u0142o\u0144ce powinni\" \/>\n<meta property=\"og:url\" content=\"https:\/\/ustka-apartamenty.com\/?page_id=134\" \/>\n<meta property=\"article:modified_time\" content=\"2025-02-25T10:51:54+00:00\" \/>\n<meta name=\"twitter:card\" content=\"summary_large_image\" \/>\n<meta name=\"twitter:label1\" content=\"Szacowany czas czytania\" \/>\n\t<meta name=\"twitter:data1\" content=\"3 minuty\" \/>\n<script type=\"application\/ld+json\" class=\"yoast-schema-graph\">{\"@context\":\"https:\/\/schema.org\",\"@graph\":[{\"@type\":\"WebPage\",\"@id\":\"https:\/\/ustka-apartamenty.com\/?page_id=134\",\"url\":\"https:\/\/ustka-apartamenty.com\/?page_id=134\",\"name\":\"Atrakcje okolicy -\",\"isPartOf\":{\"@id\":\"https:\/\/ustka-apartamenty.com\/#website\"},\"datePublished\":\"2025-02-25T10:41:17+00:00\",\"dateModified\":\"2025-02-25T10:51:54+00:00\",\"breadcrumb\":{\"@id\":\"https:\/\/ustka-apartamenty.com\/?page_id=134#breadcrumb\"},\"inLanguage\":\"pl-PL\",\"potentialAction\":[{\"@type\":\"ReadAction\",\"target\":[\"https:\/\/ustka-apartamenty.com\/?page_id=134\"]}]},{\"@type\":\"BreadcrumbList\",\"@id\":\"https:\/\/ustka-apartamenty.com\/?page_id=134#breadcrumb\",\"itemListElement\":[{\"@type\":\"ListItem\",\"position\":1,\"name\":\"Strona g\u0142\u00f3wna\",\"item\":\"https:\/\/ustka-apartamenty.com\/\"},{\"@type\":\"ListItem\",\"position\":2,\"name\":\"Atrakcje okolicy\"}]},{\"@type\":\"WebSite\",\"@id\":\"https:\/\/ustka-apartamenty.com\/#website\",\"url\":\"https:\/\/ustka-apartamenty.com\/\",\"name\":\"\",\"description\":\"Apartamenty Ustka\",\"potentialAction\":[{\"@type\":\"SearchAction\",\"target\":{\"@type\":\"EntryPoint\",\"urlTemplate\":\"https:\/\/ustka-apartamenty.com\/?s={search_term_string}\"},\"query-input\":{\"@type\":\"PropertyValueSpecification\",\"valueRequired\":true,\"valueName\":\"search_term_string\"}}],\"inLanguage\":\"pl-PL\"}]}<\/script>\n<!-- \/ Yoast SEO plugin. -->","yoast_head_json":{"title":"Atrakcje okolicy -","robots":{"index":"index","follow":"follow","max-snippet":"max-snippet:-1","max-image-preview":"max-image-preview:large","max-video-preview":"max-video-preview:-1"},"canonical":"https:\/\/ustka-apartamenty.com\/?page_id=134","og_locale":"pl_PL","og_type":"article","og_title":"Atrakcje okolicy -","og_description":"Atrakcje okolicy &#8211; Szlaki rowerowe &#8211; Jazda na rowerze ma wspania\u0142y wp\u0142yw nie tylko na nasz\u0105 kondycj\u0119 i sylwetk\u0119 ale r\u00f3wnie\u017c samopoczucie.To czas w kt\u00f3rym mo\u017cna si\u0119 wyciszy\u0107, zrelaksowa\u0107, zapominaj\u0105c o codziennych problemach. Na terenie Ustki i okolic mamy kilka wspania\u0142ych tras rowerowych, kt\u00f3re s\u0105 bardzo zr\u00f3\u017cnicowane. Na ich szlakach znajduj\u0105 si\u0119 specjalne miejsca wypoczynkowe. &#8211; Latarnia morska &#8211; To niezwykle interesuj\u0105cy architektonicznie obiekt, sk\u0142adaj\u0105cy si\u0119 z o\u015bmiok\u0105tnej wie\u017cy i niewiele ni\u017cszego, przylegaj\u0105cego do niej budynku latarnik\u00f3w. Uroku dodaje niezliczona ilo\u015b\u0107 gzymsik\u00f3w, daszk\u00f3w oraz kilkana\u015bcie okien r\u00f3\u017cnego rozmiaru. &#8211; Bunkry Bluchera &#8211; Ci, kt\u00f3rzy przyje\u017cd\u017caj\u0105 do Ustki po s\u0142o\u0144ce powinni","og_url":"https:\/\/ustka-apartamenty.com\/?page_id=134","article_modified_time":"2025-02-25T10:51:54+00:00","twitter_card":"summary_large_image","twitter_misc":{"Szacowany czas czytania":"3 minuty"},"schema":{"@context":"https:\/\/schema.org","@graph":[{"@type":"WebPage","@id":"https:\/\/ustka-apartamenty.com\/?page_id=134","url":"https:\/\/ustka-apartamenty.com\/?page_id=134","name":"Atrakcje okolicy -","isPartOf":{"@id":"https:\/\/ustka-apartamenty.com\/#website"},"datePublished":"2025-02-25T10:41:17+00:00","dateModified":"2025-02-25T10:51:54+00:00","breadcrumb":{"@id":"https:\/\/ustka-apartamenty.com\/?page_id=134#breadcrumb"},"inLanguage":"pl-PL","potentialAction":[{"@type":"ReadAction","target":["https:\/\/ustka-apartamenty.com\/?page_id=134"]}]},{"@type":"BreadcrumbList","@id":"https:\/\/ustka-apartamenty.com\/?page_id=134#breadcrumb","itemListElement":[{"@type":"ListItem","position":1,"name":"Strona g\u0142\u00f3wna","item":"https:\/\/ustka-apartamenty.com\/"},{"@type":"ListItem","position":2,"name":"Atrakcje okolicy"}]},{"@type":"WebSite","@id":"https:\/\/ustka-apartamenty.com\/#website","url":"https:\/\/ustka-apartamenty.com\/","name":"","description":"Apartamenty Ustka","potentialAction":[{"@type":"SearchAction","target":{"@type":"EntryPoint","urlTemplate":"https:\/\/ustka-apartamenty.com\/?s={search_term_string}"},"query-input":{"@type":"PropertyValueSpecification","valueRequired":true,"valueName":"search_term_string"}}],"inLanguage":"pl-PL"}]}},"_links":{"self":[{"href":"https:\/\/ustka-apartamenty.com\/index.php?rest_route=\/wp\/v2\/pages\/134"}],"collection":[{"href":"https:\/\/ustka-apartamenty.com\/index.php?rest_route=\/wp\/v2\/pages"}],"about":[{"href":"https:\/\/ustka-apartamenty.com\/index.php?rest_route=\/wp\/v2\/types\/page"}],"author":[{"embeddable":true,"href":"https:\/\/ustka-apartamenty.com\/index.php?rest_route=\/wp\/v2\/users\/1"}],"replies":[{"embeddable":true,"href":"https:\/\/ustka-apartamenty.com\/index.php?rest_route=%2Fwp%2Fv2%2Fcomments&post=134"}],"version-history":[{"count":4,"href":"https:\/\/ustka-apartamenty.com\/index.php?rest_route=\/wp\/v2\/pages\/134\/revisions"}],"predecessor-version":[{"id":139,"href":"https:\/\/ustka-apartamenty.com\/index.php?rest_route=\/wp\/v2\/pages\/134\/revisions\/139"}],"wp:attachment":[{"href":"https:\/\/ustka-apartamenty.com\/index.php?rest_route=%2Fwp%2Fv2%2Fmedia&parent=134"}],"curies":[{"name":"wp","href":"https:\/\/api.w.org\/{rel}","templated":true}]}}