{"id":2,"date":"2024-05-20T11:16:24","date_gmt":"2024-05-20T11:16:24","guid":{"rendered":"https:\/\/ustka-apartamenty.com\/?page_id=2"},"modified":"2025-02-25T10:32:41","modified_gmt":"2025-02-25T10:32:41","slug":"o-nas-2","status":"publish","type":"page","link":"https:\/\/ustka-apartamenty.com\/?page_id=2","title":{"rendered":"O nas"},"content":{"rendered":"\t\t<div data-elementor-type=\"wp-page\" data-elementor-id=\"2\" class=\"elementor elementor-2\">\n\t\t\t\t<div class=\"elementor-element elementor-element-2fb2510a e-flex e-con-boxed e-con e-parent\" data-id=\"2fb2510a\" data-element_type=\"container\">\n\t\t\t\t\t<div class=\"e-con-inner\">\n\t\t\t\t<div class=\"elementor-element elementor-element-72b88532 elementor-widget elementor-widget-text-editor\" data-id=\"72b88532\" data-element_type=\"widget\" data-widget_type=\"text-editor.default\">\n\t\t\t\t<div class=\"elementor-widget-container\">\n\t\t\t\t\t\t\t\t\t\n<h2>O nas<\/h2>\n\t\t\t\t\t\t\t\t<\/div>\n\t\t\t\t<\/div>\n\t\t\t\t\t<\/div>\n\t\t\t\t<\/div>\n\t\t<div class=\"elementor-element elementor-element-8761cbe e-grid e-con-boxed e-con e-parent\" data-id=\"8761cbe\" data-element_type=\"container\">\n\t\t\t\t\t<div class=\"e-con-inner\">\n\t\t\t\t<div class=\"elementor-element elementor-element-ce78627 elementor-widget elementor-widget-text-editor\" data-id=\"ce78627\" data-element_type=\"widget\" data-widget_type=\"text-editor.default\">\n\t\t\t\t<div class=\"elementor-widget-container\">\n\t\t\t\t\t\t\t\t\t<div dir=\"auto\"><strong>Odkryj wyj\u0105tkowy komfort w sercu Ustki!<\/strong><\/div>\n<div dir=\"auto\">\u00a0<\/div>\n<div dir=\"auto\">Zapraszamy do naszego kompleksu apartamentowego LR APARTAMETY USTKA, gdzie luksus \u0142\u0105czy si\u0119 z wygod\u0105, a wymarzony wypoczynek staje si\u0119 rzeczywisto\u015bci\u0105.\u00a0<\/div>\n<div dir=\"auto\">\u00a0<\/div>\n<div dir=\"auto\">Nasze trzy luksusowe apartamenty zosta\u0142y urz\u0105dzone z my\u015bl\u0105 o spe\u0142nieniu oczekiwa\u0144 naszych najbardziej wymagaj\u0105cych go\u015bci. Nie musisz si\u0119 o nic niepokoi\u0107, poniewa\u017c w naszych apartamentach znajdziesz wszystko, czego potrzebujesz, by cieszy\u0107 si\u0119 wypoczynkiem. Ka\u017cdy z apartament\u00f3w jest niezwykle urz\u0105dzony, z dba\u0142o\u015bci\u0105 o ka\u017cdy detal, by zapewni\u0107 niezapomniane doznania.<\/div>\n<div dir=\"auto\">Apartamenty wyposa\u017cyli\u015bmy w wygodne \u0142\u00f3\u017cka, \u0142azienki z prysznicami, w pe\u0142ni wyposa\u017con\u0105 kuchni\u0119 ze zmywark\u0105, bezp\u0142atne WI-Fi.\u00a0<\/div>\n<div dir=\"auto\">\u00a0<\/div>\n<div dir=\"auto\">Po\u0142o\u017cone w centrum Ustki, nasze apartamenty oferuj\u0105 doskona\u0142\u0105 lokalizacj\u0119 blisko morza \u2013 150 m, pozwalaj\u0105c Ci cieszy\u0107 si\u0119 pi\u0119knymi widokami oraz urokami nadmorskiego \u017cycia. Dla klient\u00f3w pragn\u0105cych sp\u0119dzi\u0107 wspania\u0142y urlop, nasz kompleks to idealne miejsce na relaks i rozkoszowanie si\u0119 ka\u017cd\u0105 chwil\u0105.<\/div>\n<div dir=\"auto\">Odkryj uroki nadmorskiego \u017cycia delektuj\u0105c si\u0119 pi\u0119knymi pla\u017cami, wykwintnymi restauracjami, pubami oraz bogata ofert\u0105 rozrywki dost\u0119pna na wyci\u0105gni\u0119cie r\u0119ki.\u00a0<\/div>\n<div dir=\"auto\">\u00a0<\/div>\n<div dir=\"auto\">Zarezerwuj sw\u00f3j luksusowy pobyt ju\u017c teraz i pozw\u00f3l nam sprawi\u0107, \u017ce Tw\u00f3j urlop stanie si\u0119 niezapomnianym do\u015bwiadczeniem!<\/div>\t\t\t\t\t\t\t\t<\/div>\n\t\t\t\t<\/div>\n\t\t\t\t\t<\/div>\n\t\t\t\t<\/div>\n\t\t\t\t<\/div>\n\t\t","protected":false},"excerpt":{"rendered":"<p>O nas Odkryj wyj\u0105tkowy komfort w sercu Ustki! \u00a0 Zapraszamy do naszego kompleksu apartamentowego LR APARTAMETY USTKA, gdzie luksus \u0142\u0105czy si\u0119 z wygod\u0105, a wymarzony wypoczynek staje si\u0119 rzeczywisto\u015bci\u0105.\u00a0 \u00a0 Nasze trzy luksusowe apartamenty zosta\u0142y urz\u0105dzone z my\u015bl\u0105 o spe\u0142nieniu oczekiwa\u0144 naszych najbardziej wymagaj\u0105cych go\u015bci. Nie musisz si\u0119 o nic niepokoi\u0107, poniewa\u017c w naszych apartamentach znajdziesz wszystko, czego potrzebujesz, by cieszy\u0107 si\u0119 wypoczynkiem. Ka\u017cdy z apartament\u00f3w jest niezwykle urz\u0105dzony, z dba\u0142o\u015bci\u0105 o ka\u017cdy detal, by zapewni\u0107 niezapomniane doznania. Apartamenty wyposa\u017cyli\u015bmy w wygodne \u0142\u00f3\u017cka, \u0142azienki z prysznicami, w pe\u0142ni wyposa\u017con\u0105 kuchni\u0119 ze zmywark\u0105, bezp\u0142atne WI-Fi.\u00a0 \u00a0 Po\u0142o\u017cone w centrum Ustki, nasze<\/p>\n","protected":false},"author":1,"featured_media":0,"parent":0,"menu_order":0,"comment_status":"closed","ping_status":"open","template":"","meta":{"footnotes":""},"yoast_head":"<!-- This site is optimized with the Yoast SEO plugin v24.5 - https:\/\/yoast.com\/wordpress\/plugins\/seo\/ -->\n<title>O nas -<\/title>\n<meta name=\"robots\" content=\"index, follow, max-snippet:-1, max-image-preview:large, max-video-preview:-1\" \/>\n<link rel=\"canonical\" href=\"https:\/\/ustka-apartamenty.com\/?page_id=2\" \/>\n<meta property=\"og:locale\" content=\"pl_PL\" \/>\n<meta property=\"og:type\" content=\"article\" \/>\n<meta property=\"og:title\" content=\"O nas -\" \/>\n<meta property=\"og:description\" content=\"O nas Odkryj wyj\u0105tkowy komfort w sercu Ustki! \u00a0 Zapraszamy do naszego kompleksu apartamentowego LR APARTAMETY USTKA, gdzie luksus \u0142\u0105czy si\u0119 z wygod\u0105, a wymarzony wypoczynek staje si\u0119 rzeczywisto\u015bci\u0105.\u00a0 \u00a0 Nasze trzy luksusowe apartamenty zosta\u0142y urz\u0105dzone z my\u015bl\u0105 o spe\u0142nieniu oczekiwa\u0144 naszych najbardziej wymagaj\u0105cych go\u015bci. Nie musisz si\u0119 o nic niepokoi\u0107, poniewa\u017c w naszych apartamentach znajdziesz wszystko, czego potrzebujesz, by cieszy\u0107 si\u0119 wypoczynkiem. Ka\u017cdy z apartament\u00f3w jest niezwykle urz\u0105dzony, z dba\u0142o\u015bci\u0105 o ka\u017cdy detal, by zapewni\u0107 niezapomniane doznania. Apartamenty wyposa\u017cyli\u015bmy w wygodne \u0142\u00f3\u017cka, \u0142azienki z prysznicami, w pe\u0142ni wyposa\u017con\u0105 kuchni\u0119 ze zmywark\u0105, bezp\u0142atne WI-Fi.\u00a0 \u00a0 Po\u0142o\u017cone w centrum Ustki, nasze\" \/>\n<meta property=\"og:url\" content=\"https:\/\/ustka-apartamenty.com\/?page_id=2\" \/>\n<meta property=\"article:modified_time\" content=\"2025-02-25T10:32:41+00:00\" \/>\n<meta name=\"twitter:card\" content=\"summary_large_image\" \/>\n<meta name=\"twitter:label1\" content=\"Szacowany czas czytania\" \/>\n\t<meta name=\"twitter:data1\" content=\"2 minuty\" \/>\n<script type=\"application\/ld+json\" class=\"yoast-schema-graph\">{\"@context\":\"https:\/\/schema.org\",\"@graph\":[{\"@type\":\"WebPage\",\"@id\":\"https:\/\/ustka-apartamenty.com\/?page_id=2\",\"url\":\"https:\/\/ustka-apartamenty.com\/?page_id=2\",\"name\":\"O nas -\",\"isPartOf\":{\"@id\":\"https:\/\/ustka-apartamenty.com\/#website\"},\"datePublished\":\"2024-05-20T11:16:24+00:00\",\"dateModified\":\"2025-02-25T10:32:41+00:00\",\"breadcrumb\":{\"@id\":\"https:\/\/ustka-apartamenty.com\/?page_id=2#breadcrumb\"},\"inLanguage\":\"pl-PL\",\"potentialAction\":[{\"@type\":\"ReadAction\",\"target\":[\"https:\/\/ustka-apartamenty.com\/?page_id=2\"]}]},{\"@type\":\"BreadcrumbList\",\"@id\":\"https:\/\/ustka-apartamenty.com\/?page_id=2#breadcrumb\",\"itemListElement\":[{\"@type\":\"ListItem\",\"position\":1,\"name\":\"Strona g\u0142\u00f3wna\",\"item\":\"https:\/\/ustka-apartamenty.com\/\"},{\"@type\":\"ListItem\",\"position\":2,\"name\":\"O nas\"}]},{\"@type\":\"WebSite\",\"@id\":\"https:\/\/ustka-apartamenty.com\/#website\",\"url\":\"https:\/\/ustka-apartamenty.com\/\",\"name\":\"\",\"description\":\"Apartamenty Ustka\",\"potentialAction\":[{\"@type\":\"SearchAction\",\"target\":{\"@type\":\"EntryPoint\",\"urlTemplate\":\"https:\/\/ustka-apartamenty.com\/?s={search_term_string}\"},\"query-input\":{\"@type\":\"PropertyValueSpecification\",\"valueRequired\":true,\"valueName\":\"search_term_string\"}}],\"inLanguage\":\"pl-PL\"}]}<\/script>\n<!-- \/ Yoast SEO plugin. -->","yoast_head_json":{"title":"O nas -","robots":{"index":"index","follow":"follow","max-snippet":"max-snippet:-1","max-image-preview":"max-image-preview:large","max-video-preview":"max-video-preview:-1"},"canonical":"https:\/\/ustka-apartamenty.com\/?page_id=2","og_locale":"pl_PL","og_type":"article","og_title":"O nas -","og_description":"O nas Odkryj wyj\u0105tkowy komfort w sercu Ustki! \u00a0 Zapraszamy do naszego kompleksu apartamentowego LR APARTAMETY USTKA, gdzie luksus \u0142\u0105czy si\u0119 z wygod\u0105, a wymarzony wypoczynek staje si\u0119 rzeczywisto\u015bci\u0105.\u00a0 \u00a0 Nasze trzy luksusowe apartamenty zosta\u0142y urz\u0105dzone z my\u015bl\u0105 o spe\u0142nieniu oczekiwa\u0144 naszych najbardziej wymagaj\u0105cych go\u015bci. Nie musisz si\u0119 o nic niepokoi\u0107, poniewa\u017c w naszych apartamentach znajdziesz wszystko, czego potrzebujesz, by cieszy\u0107 si\u0119 wypoczynkiem. Ka\u017cdy z apartament\u00f3w jest niezwykle urz\u0105dzony, z dba\u0142o\u015bci\u0105 o ka\u017cdy detal, by zapewni\u0107 niezapomniane doznania. Apartamenty wyposa\u017cyli\u015bmy w wygodne \u0142\u00f3\u017cka, \u0142azienki z prysznicami, w pe\u0142ni wyposa\u017con\u0105 kuchni\u0119 ze zmywark\u0105, bezp\u0142atne WI-Fi.\u00a0 \u00a0 Po\u0142o\u017cone w centrum Ustki, nasze","og_url":"https:\/\/ustka-apartamenty.com\/?page_id=2","article_modified_time":"2025-02-25T10:32:41+00:00","twitter_card":"summary_large_image","twitter_misc":{"Szacowany czas czytania":"2 minuty"},"schema":{"@context":"https:\/\/schema.org","@graph":[{"@type":"WebPage","@id":"https:\/\/ustka-apartamenty.com\/?page_id=2","url":"https:\/\/ustka-apartamenty.com\/?page_id=2","name":"O nas -","isPartOf":{"@id":"https:\/\/ustka-apartamenty.com\/#website"},"datePublished":"2024-05-20T11:16:24+00:00","dateModified":"2025-02-25T10:32:41+00:00","breadcrumb":{"@id":"https:\/\/ustka-apartamenty.com\/?page_id=2#breadcrumb"},"inLanguage":"pl-PL","potentialAction":[{"@type":"ReadAction","target":["https:\/\/ustka-apartamenty.com\/?page_id=2"]}]},{"@type":"BreadcrumbList","@id":"https:\/\/ustka-apartamenty.com\/?page_id=2#breadcrumb","itemListElement":[{"@type":"ListItem","position":1,"name":"Strona g\u0142\u00f3wna","item":"https:\/\/ustka-apartamenty.com\/"},{"@type":"ListItem","position":2,"name":"O nas"}]},{"@type":"WebSite","@id":"https:\/\/ustka-apartamenty.com\/#website","url":"https:\/\/ustka-apartamenty.com\/","name":"","description":"Apartamenty Ustka","potentialAction":[{"@type":"SearchAction","target":{"@type":"EntryPoint","urlTemplate":"https:\/\/ustka-apartamenty.com\/?s={search_term_string}"},"query-input":{"@type":"PropertyValueSpecification","valueRequired":true,"valueName":"search_term_string"}}],"inLanguage":"pl-PL"}]}},"_links":{"self":[{"href":"https:\/\/ustka-apartamenty.com\/index.php?rest_route=\/wp\/v2\/pages\/2"}],"collection":[{"href":"https:\/\/ustka-apartamenty.com\/index.php?rest_route=\/wp\/v2\/pages"}],"about":[{"href":"https:\/\/ustka-apartamenty.com\/index.php?rest_route=\/wp\/v2\/types\/page"}],"author":[{"embeddable":true,"href":"https:\/\/ustka-apartamenty.com\/index.php?rest_route=\/wp\/v2\/users\/1"}],"replies":[{"embeddable":true,"href":"https:\/\/ustka-apartamenty.com\/index.php?rest_route=%2Fwp%2Fv2%2Fcomments&post=2"}],"version-history":[{"count":20,"href":"https:\/\/ustka-apartamenty.com\/index.php?rest_route=\/wp\/v2\/pages\/2\/revisions"}],"predecessor-version":[{"id":133,"href":"https:\/\/ustka-apartamenty.com\/index.php?rest_route=\/wp\/v2\/pages\/2\/revisions\/133"}],"wp:attachment":[{"href":"https:\/\/ustka-apartamenty.com\/index.php?rest_route=%2Fwp%2Fv2%2Fmedia&parent=2"}],"curies":[{"name":"wp","href":"https:\/\/api.w.org\/{rel}","templated":true}]}}