{"id":86,"date":"2024-06-20T13:45:00","date_gmt":"2024-06-20T13:45:00","guid":{"rendered":"https:\/\/ustka-apartamenty.com\/?page_id=86"},"modified":"2025-02-25T12:28:54","modified_gmt":"2025-02-25T12:28:54","slug":"kontakt","status":"publish","type":"page","link":"https:\/\/ustka-apartamenty.com\/?page_id=86","title":{"rendered":"Kontakt"},"content":{"rendered":"\t\t<div data-elementor-type=\"wp-page\" data-elementor-id=\"86\" class=\"elementor elementor-86\">\n\t\t\t\t<div class=\"elementor-element elementor-element-98d9cba e-grid e-con-boxed e-con e-parent\" data-id=\"98d9cba\" data-element_type=\"container\">\n\t\t\t\t\t<div class=\"e-con-inner\">\n\t\t\t\t<div class=\"elementor-element elementor-element-04dfbc9 elementor-widget elementor-widget-text-editor\" data-id=\"04dfbc9\" data-element_type=\"widget\" data-widget_type=\"text-editor.default\">\n\t\t\t\t<div class=\"elementor-widget-container\">\n\t\t\t\t\t\t\t\t\t<div class=\"title-wrapper text-center mb-5\"><h2 class=\"title-primary h1 mb-2\" style=\"text-align: center;\">Skontaktuj si\u0119<\/h2><p class=\"subtitle-primary h4\" style=\"text-align: center;\">Zapraszamy<\/p><p style=\"text-align: center;\"><img fetchpriority=\"high\" decoding=\"async\" class=\"aligncenter wp-image-57 size-medium\" src=\"https:\/\/ustka-apartamenty.com\/wp-content\/uploads\/2024\/06\/lr-3-300x195.png\" alt=\"\" width=\"300\" height=\"195\" srcset=\"https:\/\/ustka-apartamenty.com\/wp-content\/uploads\/2024\/06\/lr-3-300x195.png 300w, https:\/\/ustka-apartamenty.com\/wp-content\/uploads\/2024\/06\/lr-3-1024x664.png 1024w, https:\/\/ustka-apartamenty.com\/wp-content\/uploads\/2024\/06\/lr-3-768x498.png 768w, https:\/\/ustka-apartamenty.com\/wp-content\/uploads\/2024\/06\/lr-3-1536x996.png 1536w, https:\/\/ustka-apartamenty.com\/wp-content\/uploads\/2024\/06\/lr-3-2048x1328.png 2048w\" sizes=\"(max-width: 300px) 100vw, 300px\" \/><\/p><\/div><div class=\"logo mb-5\"><div class=\"icon mx-auto\">\u00a0<\/div><\/div><div class=\"contact-data mb-5 h5\"><div class=\"adress text-center mb-4\"><div class=\"icon\"><div class=\"adress text-center mb-4\"><p style=\"text-align: center;\">ul. Zaruskiego 5\/5, 76-270 Ustka<\/p><\/div><\/div><\/div><\/div><div class=\"text-center contact-data\"><p class=\"title-primary h4 mb-4 mt-4\" style=\"text-align: center;\"><strong>Rezerwuj:<\/strong><\/p><\/div><div class=\"phone mb-4\"><p style=\"text-align: center;\">tel. +48 736 738 738<\/p><p style=\"text-align: center;\">e-mail:\u00a0<a href=\"mailto:info@ustka-apartamenty.com\">info@ustka-apartamenty.com<\/a><\/p><\/div><div>\u00a0<\/div><p class=\"title-primary h4 mb-4 mt-4\" style=\"text-align: center;\"><strong>Godziny otwarcia:<\/strong><\/p><p style=\"text-align: center;\"><span class=\"w-100\">od 09:00 do 21:00<\/span><\/p>\t\t\t\t\t\t\t\t<\/div>\n\t\t\t\t<\/div>\n\t\t\t\t<div class=\"elementor-element elementor-element-144a890 elementor-widget elementor-widget-wpforms\" data-id=\"144a890\" data-element_type=\"widget\" data-widget_type=\"wpforms.default\">\n\t\t\t\t<div class=\"elementor-widget-container\">\n\t\t\t\t\t<div class=\"wpforms-container wpforms-container-full wpforms-render-modern\" id=\"wpforms-168\"><form id=\"wpforms-form-168\" class=\"wpforms-validate wpforms-form wpforms-ajax-form\" data-formid=\"168\" method=\"post\" enctype=\"multipart\/form-data\" action=\"\/index.php?rest_route=%2Fwp%2Fv2%2Fpages%2F86\" data-token=\"45d819b7b860123bac486eb469f2fa66\" data-token-time=\"1778948731\"><noscript class=\"wpforms-error-noscript\">Aby wype\u0142ni\u0107 ten formularz, w\u0142\u0105cz obs\u0142ug\u0119 JavaScript w przegl\u0105darce.<\/noscript><div id=\"wpforms-error-noscript\" style=\"display: none;\">Aby wype\u0142ni\u0107 ten formularz, w\u0142\u0105cz obs\u0142ug\u0119 JavaScript w przegl\u0105darce.<\/div><div class=\"wpforms-field-container\"><div id=\"wpforms-168-field_1-container\" class=\"wpforms-field wpforms-field-name\" data-field-id=\"1\"><fieldset><legend class=\"wpforms-field-label\">Imi\u0119 i nazwisko <span class=\"wpforms-required-label\" aria-hidden=\"true\">*<\/span><\/legend><div class=\"wpforms-field-row wpforms-field-medium\"><div class=\"wpforms-field-row-block wpforms-first wpforms-one-half\"><input type=\"text\" id=\"wpforms-168-field_1\" class=\"wpforms-field-name-first wpforms-field-required\" name=\"wpforms[fields][1][first]\" aria-errormessage=\"wpforms-168-field_1-error\" required><label for=\"wpforms-168-field_1\" class=\"wpforms-field-sublabel after\">Pierwszy<\/label><\/div><div class=\"wpforms-field-row-block wpforms-one-half\"><input type=\"text\" id=\"wpforms-168-field_1-last\" class=\"wpforms-field-name-last wpforms-field-required\" name=\"wpforms[fields][1][last]\" aria-errormessage=\"wpforms-168-field_1-last-error\" required><label for=\"wpforms-168-field_1-last\" class=\"wpforms-field-sublabel after\">Ostatni<\/label><\/div><\/div><\/fieldset><\/div><div id=\"wpforms-168-field_4-container\" class=\"wpforms-field wpforms-field-text\" data-field-id=\"4\"><label class=\"wpforms-field-label\" for=\"wpforms-168-field_4\">Telefon<\/label><input type=\"text\" id=\"wpforms-168-field_4\" class=\"wpforms-field-medium\" name=\"wpforms[fields][4]\" aria-errormessage=\"wpforms-168-field_4-error\" ><\/div>\t\t<div id=\"wpforms-168-field_5-container\"\n\t\t\tclass=\"wpforms-field wpforms-field-text\"\n\t\t\tdata-field-type=\"text\"\n\t\t\tdata-field-id=\"5\"\n\t\t\t>\n\t\t\t<label class=\"wpforms-field-label\" for=\"wpforms-168-field_5\" >e-mail Wiadomo\u015b\u0107 Imi\u0119<\/label>\n\t\t\t<input type=\"text\" id=\"wpforms-168-field_5\" class=\"wpforms-field-medium\" name=\"wpforms[fields][5]\" >\n\t\t<\/div>\n\t\t<div id=\"wpforms-168-field_2-container\" class=\"wpforms-field wpforms-field-email\" data-field-id=\"2\"><label class=\"wpforms-field-label\" for=\"wpforms-168-field_2\">Adres e-mail <span class=\"wpforms-required-label\" aria-hidden=\"true\">*<\/span><\/label><input type=\"email\" id=\"wpforms-168-field_2\" class=\"wpforms-field-medium wpforms-field-required\" name=\"wpforms[fields][2]\" spellcheck=\"false\" aria-errormessage=\"wpforms-168-field_2-error\" required><\/div><div id=\"wpforms-168-field_3-container\" class=\"wpforms-field wpforms-field-textarea\" data-field-id=\"3\"><label class=\"wpforms-field-label\" for=\"wpforms-168-field_3\">Wiadomo\u015b\u0107<\/label><textarea id=\"wpforms-168-field_3\" class=\"wpforms-field-medium\" name=\"wpforms[fields][3]\" aria-errormessage=\"wpforms-168-field_3-error\" ><\/textarea><\/div><script>\n\t\t\t\t( function() {\n\t\t\t\t\tconst style = document.createElement( 'style' );\n\t\t\t\t\tstyle.appendChild( document.createTextNode( '#wpforms-168-field_5-container { position: absolute !important; overflow: hidden !important; display: inline !important; height: 1px !important; width: 1px !important; z-index: -1000 !important; padding: 0 !important; } #wpforms-168-field_5-container input { visibility: hidden; } #wpforms-conversational-form-page #wpforms-168-field_5-container label { counter-increment: none; }' ) );\n\t\t\t\t\tdocument.head.appendChild( style );\n\t\t\t\t\tdocument.currentScript?.remove();\n\t\t\t\t} )();\n\t\t\t<\/script><\/div><!-- .wpforms-field-container --><div class=\"wpforms-submit-container\" ><input type=\"hidden\" name=\"wpforms[id]\" value=\"168\"><input type=\"hidden\" name=\"page_title\" value=\"\"><input type=\"hidden\" name=\"page_url\" value=\"https:\/\/ustka-apartamenty.com\/index.php?rest_route=\/wp\/v2\/pages\/86\"><input type=\"hidden\" name=\"url_referer\" value=\"\"><button type=\"submit\" name=\"wpforms[submit]\" id=\"wpforms-submit-168\" class=\"wpforms-submit\" data-alt-text=\"Wysy\u0142anie...\" data-submit-text=\"Prze\u015blij\" aria-live=\"assertive\" value=\"wpforms-submit\">Prze\u015blij<\/button><img decoding=\"async\" src=\"https:\/\/ustka-apartamenty.com\/wp-content\/plugins\/wpforms-lite\/assets\/images\/submit-spin.svg\" class=\"wpforms-submit-spinner\" style=\"display: none;\" width=\"26\" height=\"26\" alt=\"Wczytywanie\"><\/div><\/form><\/div>  <!-- .wpforms-container -->\t\t\t\t<\/div>\n\t\t\t\t<\/div>\n\t\t\t\t\t<\/div>\n\t\t\t\t<\/div>\n\t\t\t\t<\/div>\n\t\t","protected":false},"excerpt":{"rendered":"<p>Skontaktuj si\u0119 Zapraszamy \u00a0 ul. Zaruskiego 5\/5, 76-270 Ustka Rezerwuj: tel. +48 736 738 738 e-mail:\u00a0info@ustka-apartamenty.com \u00a0 Godziny otwarcia: od 09:00 do 21:00 Aby wype\u0142ni\u0107 ten formularz, w\u0142\u0105cz obs\u0142ug\u0119 JavaScript w przegl\u0105darce.Aby wype\u0142ni\u0107 ten formularz, w\u0142\u0105cz obs\u0142ug\u0119 JavaScript w przegl\u0105darce. Imi\u0119 i nazwisko * Imi\u0119Nazwisko TelefonAdres e-mail *Wiadomo\u015b\u0107 Prze\u015blij<\/p>\n","protected":false},"author":1,"featured_media":0,"parent":0,"menu_order":0,"comment_status":"closed","ping_status":"closed","template":"","meta":{"footnotes":""},"yoast_head":"<!-- This site is optimized with the Yoast SEO plugin v24.5 - https:\/\/yoast.com\/wordpress\/plugins\/seo\/ -->\n<title>Kontakt -<\/title>\n<meta name=\"robots\" content=\"index, follow, max-snippet:-1, max-image-preview:large, max-video-preview:-1\" \/>\n<link rel=\"canonical\" href=\"https:\/\/ustka-apartamenty.com\/?page_id=86\" \/>\n<meta property=\"og:locale\" content=\"pl_PL\" \/>\n<meta property=\"og:type\" content=\"article\" \/>\n<meta property=\"og:title\" content=\"Kontakt -\" \/>\n<meta property=\"og:description\" content=\"Skontaktuj si\u0119 Zapraszamy \u00a0 ul. Zaruskiego 5\/5, 76-270 Ustka Rezerwuj: tel. +48 736 738 738 e-mail:\u00a0info@ustka-apartamenty.com \u00a0 Godziny otwarcia: od 09:00 do 21:00 Aby wype\u0142ni\u0107 ten formularz, w\u0142\u0105cz obs\u0142ug\u0119 JavaScript w przegl\u0105darce.Aby wype\u0142ni\u0107 ten formularz, w\u0142\u0105cz obs\u0142ug\u0119 JavaScript w przegl\u0105darce. Imi\u0119 i nazwisko * Imi\u0119Nazwisko TelefonAdres e-mail *Wiadomo\u015b\u0107 Prze\u015blij\" \/>\n<meta property=\"og:url\" content=\"https:\/\/ustka-apartamenty.com\/?page_id=86\" \/>\n<meta property=\"article:modified_time\" content=\"2025-02-25T12:28:54+00:00\" \/>\n<meta property=\"og:image\" content=\"https:\/\/ustka-apartamenty.com\/wp-content\/uploads\/2024\/06\/lr-3.png\" \/>\n\t<meta property=\"og:image:width\" content=\"2733\" \/>\n\t<meta property=\"og:image:height\" content=\"1772\" \/>\n\t<meta property=\"og:image:type\" content=\"image\/png\" \/>\n<meta name=\"twitter:card\" content=\"summary_large_image\" \/>\n<meta name=\"twitter:label1\" content=\"Szacowany czas czytania\" \/>\n\t<meta name=\"twitter:data1\" content=\"1 minuta\" \/>\n<script type=\"application\/ld+json\" class=\"yoast-schema-graph\">{\"@context\":\"https:\/\/schema.org\",\"@graph\":[{\"@type\":\"WebPage\",\"@id\":\"https:\/\/ustka-apartamenty.com\/?page_id=86\",\"url\":\"https:\/\/ustka-apartamenty.com\/?page_id=86\",\"name\":\"Kontakt -\",\"isPartOf\":{\"@id\":\"https:\/\/ustka-apartamenty.com\/#website\"},\"primaryImageOfPage\":{\"@id\":\"https:\/\/ustka-apartamenty.com\/?page_id=86#primaryimage\"},\"image\":{\"@id\":\"https:\/\/ustka-apartamenty.com\/?page_id=86#primaryimage\"},\"thumbnailUrl\":\"https:\/\/ustka-apartamenty.com\/wp-content\/uploads\/2024\/06\/lr-3-300x195.png\",\"datePublished\":\"2024-06-20T13:45:00+00:00\",\"dateModified\":\"2025-02-25T12:28:54+00:00\",\"breadcrumb\":{\"@id\":\"https:\/\/ustka-apartamenty.com\/?page_id=86#breadcrumb\"},\"inLanguage\":\"pl-PL\",\"potentialAction\":[{\"@type\":\"ReadAction\",\"target\":[\"https:\/\/ustka-apartamenty.com\/?page_id=86\"]}]},{\"@type\":\"ImageObject\",\"inLanguage\":\"pl-PL\",\"@id\":\"https:\/\/ustka-apartamenty.com\/?page_id=86#primaryimage\",\"url\":\"https:\/\/ustka-apartamenty.com\/wp-content\/uploads\/2024\/06\/lr-3.png\",\"contentUrl\":\"https:\/\/ustka-apartamenty.com\/wp-content\/uploads\/2024\/06\/lr-3.png\",\"width\":2733,\"height\":1772},{\"@type\":\"BreadcrumbList\",\"@id\":\"https:\/\/ustka-apartamenty.com\/?page_id=86#breadcrumb\",\"itemListElement\":[{\"@type\":\"ListItem\",\"position\":1,\"name\":\"Strona g\u0142\u00f3wna\",\"item\":\"https:\/\/ustka-apartamenty.com\/\"},{\"@type\":\"ListItem\",\"position\":2,\"name\":\"Kontakt\"}]},{\"@type\":\"WebSite\",\"@id\":\"https:\/\/ustka-apartamenty.com\/#website\",\"url\":\"https:\/\/ustka-apartamenty.com\/\",\"name\":\"\",\"description\":\"Apartamenty Ustka\",\"potentialAction\":[{\"@type\":\"SearchAction\",\"target\":{\"@type\":\"EntryPoint\",\"urlTemplate\":\"https:\/\/ustka-apartamenty.com\/?s={search_term_string}\"},\"query-input\":{\"@type\":\"PropertyValueSpecification\",\"valueRequired\":true,\"valueName\":\"search_term_string\"}}],\"inLanguage\":\"pl-PL\"}]}<\/script>\n<!-- \/ Yoast SEO plugin. -->","yoast_head_json":{"title":"Kontakt -","robots":{"index":"index","follow":"follow","max-snippet":"max-snippet:-1","max-image-preview":"max-image-preview:large","max-video-preview":"max-video-preview:-1"},"canonical":"https:\/\/ustka-apartamenty.com\/?page_id=86","og_locale":"pl_PL","og_type":"article","og_title":"Kontakt -","og_description":"Skontaktuj si\u0119 Zapraszamy \u00a0 ul. Zaruskiego 5\/5, 76-270 Ustka Rezerwuj: tel. +48 736 738 738 e-mail:\u00a0info@ustka-apartamenty.com \u00a0 Godziny otwarcia: od 09:00 do 21:00 Aby wype\u0142ni\u0107 ten formularz, w\u0142\u0105cz obs\u0142ug\u0119 JavaScript w przegl\u0105darce.Aby wype\u0142ni\u0107 ten formularz, w\u0142\u0105cz obs\u0142ug\u0119 JavaScript w przegl\u0105darce. Imi\u0119 i nazwisko * Imi\u0119Nazwisko TelefonAdres e-mail *Wiadomo\u015b\u0107 Prze\u015blij","og_url":"https:\/\/ustka-apartamenty.com\/?page_id=86","article_modified_time":"2025-02-25T12:28:54+00:00","og_image":[{"width":2733,"height":1772,"url":"https:\/\/ustka-apartamenty.com\/wp-content\/uploads\/2024\/06\/lr-3.png","type":"image\/png"}],"twitter_card":"summary_large_image","twitter_misc":{"Szacowany czas czytania":"1 minuta"},"schema":{"@context":"https:\/\/schema.org","@graph":[{"@type":"WebPage","@id":"https:\/\/ustka-apartamenty.com\/?page_id=86","url":"https:\/\/ustka-apartamenty.com\/?page_id=86","name":"Kontakt -","isPartOf":{"@id":"https:\/\/ustka-apartamenty.com\/#website"},"primaryImageOfPage":{"@id":"https:\/\/ustka-apartamenty.com\/?page_id=86#primaryimage"},"image":{"@id":"https:\/\/ustka-apartamenty.com\/?page_id=86#primaryimage"},"thumbnailUrl":"https:\/\/ustka-apartamenty.com\/wp-content\/uploads\/2024\/06\/lr-3-300x195.png","datePublished":"2024-06-20T13:45:00+00:00","dateModified":"2025-02-25T12:28:54+00:00","breadcrumb":{"@id":"https:\/\/ustka-apartamenty.com\/?page_id=86#breadcrumb"},"inLanguage":"pl-PL","potentialAction":[{"@type":"ReadAction","target":["https:\/\/ustka-apartamenty.com\/?page_id=86"]}]},{"@type":"ImageObject","inLanguage":"pl-PL","@id":"https:\/\/ustka-apartamenty.com\/?page_id=86#primaryimage","url":"https:\/\/ustka-apartamenty.com\/wp-content\/uploads\/2024\/06\/lr-3.png","contentUrl":"https:\/\/ustka-apartamenty.com\/wp-content\/uploads\/2024\/06\/lr-3.png","width":2733,"height":1772},{"@type":"BreadcrumbList","@id":"https:\/\/ustka-apartamenty.com\/?page_id=86#breadcrumb","itemListElement":[{"@type":"ListItem","position":1,"name":"Strona g\u0142\u00f3wna","item":"https:\/\/ustka-apartamenty.com\/"},{"@type":"ListItem","position":2,"name":"Kontakt"}]},{"@type":"WebSite","@id":"https:\/\/ustka-apartamenty.com\/#website","url":"https:\/\/ustka-apartamenty.com\/","name":"","description":"Apartamenty Ustka","potentialAction":[{"@type":"SearchAction","target":{"@type":"EntryPoint","urlTemplate":"https:\/\/ustka-apartamenty.com\/?s={search_term_string}"},"query-input":{"@type":"PropertyValueSpecification","valueRequired":true,"valueName":"search_term_string"}}],"inLanguage":"pl-PL"}]}},"_links":{"self":[{"href":"https:\/\/ustka-apartamenty.com\/index.php?rest_route=\/wp\/v2\/pages\/86"}],"collection":[{"href":"https:\/\/ustka-apartamenty.com\/index.php?rest_route=\/wp\/v2\/pages"}],"about":[{"href":"https:\/\/ustka-apartamenty.com\/index.php?rest_route=\/wp\/v2\/types\/page"}],"author":[{"embeddable":true,"href":"https:\/\/ustka-apartamenty.com\/index.php?rest_route=\/wp\/v2\/users\/1"}],"replies":[{"embeddable":true,"href":"https:\/\/ustka-apartamenty.com\/index.php?rest_route=%2Fwp%2Fv2%2Fcomments&post=86"}],"version-history":[{"count":31,"href":"https:\/\/ustka-apartamenty.com\/index.php?rest_route=\/wp\/v2\/pages\/86\/revisions"}],"predecessor-version":[{"id":184,"href":"https:\/\/ustka-apartamenty.com\/index.php?rest_route=\/wp\/v2\/pages\/86\/revisions\/184"}],"wp:attachment":[{"href":"https:\/\/ustka-apartamenty.com\/index.php?rest_route=%2Fwp%2Fv2%2Fmedia&parent=86"}],"curies":[{"name":"wp","href":"https:\/\/api.w.org\/{rel}","templated":true}]}}